{"id":3177,"date":"2026-02-02T12:36:48","date_gmt":"2026-02-02T12:36:48","guid":{"rendered":"https:\/\/lach.hu\/?page_id=3177"},"modified":"2026-02-09T12:47:56","modified_gmt":"2026-02-09T12:47:56","slug":"domdom_bufe","status":"publish","type":"page","link":"https:\/\/lach.hu\/en\/domdom_bufe\/","title":{"rendered":"PRO_DomDom"},"content":{"rendered":"<div data-elementor-type=\"wp-page\" data-elementor-id=\"3177\" class=\"elementor elementor-3177\">\n\t\t\t\t<div class=\"elementor-element elementor-element-b4d72c2 e-flex e-con-boxed e-con e-parent\" data-id=\"b4d72c2\" data-element_type=\"container\" data-e-type=\"container\">\n\t\t\t\t\t<div class=\"e-con-inner\">\n\t\t<div class=\"elementor-element elementor-element-13080ad e-con-full e-flex e-con e-child\" data-id=\"13080ad\" data-element_type=\"container\" data-e-type=\"container\">\n\t\t\t\t<div class=\"elementor-element elementor-element-ea1ae31 elementor-widget elementor-widget-text-editor\" data-id=\"ea1ae31\" data-element_type=\"widget\" data-e-type=\"widget\" data-widget_type=\"text-editor.default\">\n\t\t\t\t\t\t\t\t\t<p>D\u00f6mD\u00f6m b\u00fcf\u00e9<\/p>\t\t\t\t\t\t\t\t<\/div>\n\t\t\t\t<div class=\"elementor-element elementor-element-1878877 elementor-widget-divider--view-line elementor-widget elementor-widget-divider\" data-id=\"1878877\" data-element_type=\"widget\" data-e-type=\"widget\" data-widget_type=\"divider.default\">\n\t\t\t\t\t\t\t<div class=\"elementor-divider\">\n\t\t\t<span class=\"elementor-divider-separator\">\n\t\t\t\t\t\t<\/span>\n\t\t<\/div>\n\t\t\t\t\t\t<\/div>\n\t\t\t\t<div class=\"elementor-element elementor-element-65cae27 elementor-widget elementor-widget-text-editor\" data-id=\"65cae27\" data-element_type=\"widget\" data-e-type=\"widget\" data-widget_type=\"text-editor.default\">\n\t\t\t\t\t\t\t\t\t<p><b>Location:\u00a0<br \/><\/b>Dunavars\u00e1ny<\/p><p><strong>Designer:<\/strong>\u00a0<br \/>B\u00e1lint Lach<\/p><p><strong>Year:<br \/><\/strong>2021-2022<\/p>\t\t\t\t\t\t\t\t<\/div>\n\t\t\t\t<\/div>\n\t\t<div class=\"elementor-element elementor-element-bafcf56 e-con-full e-flex e-con e-child\" data-id=\"bafcf56\" data-element_type=\"container\" data-e-type=\"container\">\n\t\t\t\t<div class=\"elementor-element elementor-element-c32b6b2 elementor-widget elementor-widget-image\" data-id=\"c32b6b2\" data-element_type=\"widget\" data-e-type=\"widget\" data-widget_type=\"image.default\">\n\t\t\t\t\t\t\t\t\t\t\t\t\t\t\t\t<a href=\"https:\/\/lach.hu\/wp-content\/uploads\/2026\/01\/domdom_1-scaled.webp\" data-elementor-open-lightbox=\"yes\" data-e-action-hash=\"#elementor-action%3Aaction%3Dlightbox%26settings%3DeyJpZCI6Mjg0NywidXJsIjoiaHR0cHM6XC9cL2xhY2guaHVcL3dwLWNvbnRlbnRcL3VwbG9hZHNcLzIwMjZcLzAxXC9kb21kb21fMS1zY2FsZWQud2VicCJ9\">\n\t\t\t\t\t\t\t<img alt=\"\" fetchpriority=\"high\" decoding=\"async\" width=\"2560\" height=\"1920\" src=\"https:\/\/lach.hu\/wp-content\/uploads\/2026\/01\/domdom_1-scaled.webp\" class=\"attachment-full size-full wp-image-2847\" srcset=\"https:\/\/lach.hu\/wp-content\/uploads\/2026\/01\/domdom_1-scaled.webp 2560w, https:\/\/lach.hu\/wp-content\/uploads\/2026\/01\/domdom_1-300x225.webp 300w, https:\/\/lach.hu\/wp-content\/uploads\/2026\/01\/domdom_1-1024x768.webp 1024w, https:\/\/lach.hu\/wp-content\/uploads\/2026\/01\/domdom_1-768x576.webp 768w, https:\/\/lach.hu\/wp-content\/uploads\/2026\/01\/domdom_1-1536x1152.webp 1536w, https:\/\/lach.hu\/wp-content\/uploads\/2026\/01\/domdom_1-2048x1536.webp 2048w, https:\/\/lach.hu\/wp-content\/uploads\/2026\/01\/domdom_1-16x12.webp 16w\" sizes=\"(max-width: 2560px) 100vw, 2560px\" \/>\t\t\t\t\t\t\t\t<\/a>\n\t\t\t\t\t\t\t\t\t\t\t\t\t\t\t<\/div>\n\t\t\t\t<div class=\"elementor-element elementor-element-6b05030 elementor-arrows-position-inside elementor-pagination-position-outside elementor-widget elementor-widget-image-carousel\" data-id=\"6b05030\" data-element_type=\"widget\" data-e-type=\"widget\" data-settings=\"{&quot;image_spacing_custom&quot;:{&quot;unit&quot;:&quot;px&quot;,&quot;size&quot;:10,&quot;sizes&quot;:[]},&quot;navigation&quot;:&quot;both&quot;,&quot;autoplay&quot;:&quot;yes&quot;,&quot;pause_on_hover&quot;:&quot;yes&quot;,&quot;pause_on_interaction&quot;:&quot;yes&quot;,&quot;autoplay_speed&quot;:5000,&quot;infinite&quot;:&quot;yes&quot;,&quot;speed&quot;:500,&quot;image_spacing_custom_tablet&quot;:{&quot;unit&quot;:&quot;px&quot;,&quot;size&quot;:&quot;&quot;,&quot;sizes&quot;:[]},&quot;image_spacing_custom_mobile&quot;:{&quot;unit&quot;:&quot;px&quot;,&quot;size&quot;:&quot;&quot;,&quot;sizes&quot;:[]}}\" data-widget_type=\"image-carousel.default\">\n\t\t\t\t\t\t\t<div class=\"elementor-image-carousel-wrapper swiper\" role=\"region\" aria-roledescription=\"carousel\" aria-label=\"K\u00e9p k\u00f6rhinta\" dir=\"ltr\">\n\t\t\t<div class=\"elementor-image-carousel swiper-wrapper swiper-image-stretch\" aria-live=\"off\">\n\t\t\t\t\t\t\t\t<div class=\"swiper-slide\" role=\"group\" aria-roledescription=\"slide\" aria-label=\"1 \/ 6\"><a data-elementor-open-lightbox=\"yes\" data-elementor-lightbox-slideshow=\"6b05030\" data-e-action-hash=\"#elementor-action%3Aaction%3Dlightbox%26settings%3DeyJpZCI6Mjg0OCwidXJsIjoiaHR0cHM6XC9cL2xhY2guaHVcL3dwLWNvbnRlbnRcL3VwbG9hZHNcLzIwMjZcLzAxXC9kb21kb21fMi1zY2FsZWQud2VicCIsInNsaWRlc2hvdyI6IjZiMDUwMzAifQ%3D%3D\" href=\"https:\/\/lach.hu\/wp-content\/uploads\/2026\/01\/domdom_2-scaled.webp\"><figure class=\"swiper-slide-inner\"><img decoding=\"async\" class=\"swiper-slide-image\" src=\"https:\/\/lach.hu\/wp-content\/uploads\/elementor\/thumbs\/domdom_2-scaled-rihayxy89wejs5wwz1it7zh1h2b7zzgp0bdbfjo52w.webp\" alt=\"domdom_2\" \/><\/figure><\/a><\/div><div class=\"swiper-slide\" role=\"group\" aria-roledescription=\"slide\" aria-label=\"2 \/ 6\"><a data-elementor-open-lightbox=\"yes\" data-elementor-lightbox-slideshow=\"6b05030\" data-e-action-hash=\"#elementor-action%3Aaction%3Dlightbox%26settings%3DeyJpZCI6Mjg1MCwidXJsIjoiaHR0cHM6XC9cL2xhY2guaHVcL3dwLWNvbnRlbnRcL3VwbG9hZHNcLzIwMjZcLzAxXC9kb21kb21fNC1zY2FsZWQud2VicCIsInNsaWRlc2hvdyI6IjZiMDUwMzAifQ%3D%3D\" href=\"https:\/\/lach.hu\/wp-content\/uploads\/2026\/01\/domdom_4-scaled.webp\"><figure class=\"swiper-slide-inner\"><img decoding=\"async\" class=\"swiper-slide-image\" src=\"https:\/\/lach.hu\/wp-content\/uploads\/elementor\/thumbs\/domdom_4-scaled-rihaz2nf82kze7q37ljy2gacfzo22gzcoymqtxh67s.webp\" alt=\"domdom_4\" \/><\/figure><\/a><\/div><div class=\"swiper-slide\" role=\"group\" aria-roledescription=\"slide\" aria-label=\"3 \/ 6\"><a data-elementor-open-lightbox=\"yes\" data-elementor-lightbox-slideshow=\"6b05030\" data-e-action-hash=\"#elementor-action%3Aaction%3Dlightbox%26settings%3DeyJpZCI6Mjg0NiwidXJsIjoiaHR0cHM6XC9cL2xhY2guaHVcL3dwLWNvbnRlbnRcL3VwbG9hZHNcLzIwMjZcLzAxXC9kb21kb21fNy1zY2FsZWQud2VicCIsInNsaWRlc2hvdyI6IjZiMDUwMzAifQ%3D%3D\" href=\"https:\/\/lach.hu\/wp-content\/uploads\/2026\/01\/domdom_7-scaled.webp\"><figure class=\"swiper-slide-inner\"><img decoding=\"async\" class=\"swiper-slide-image\" src=\"https:\/\/lach.hu\/wp-content\/uploads\/elementor\/thumbs\/domdom_7-scaled-rihaysb74w6tui53vz31t0w9wr30psuazjgejvwi48.webp\" alt=\"domdom_7\" \/><\/figure><\/a><\/div><div class=\"swiper-slide\" role=\"group\" aria-roledescription=\"slide\" aria-label=\"4 \/ 6\"><a data-elementor-open-lightbox=\"yes\" data-elementor-lightbox-slideshow=\"6b05030\" data-e-action-hash=\"#elementor-action%3Aaction%3Dlightbox%26settings%3DeyJpZCI6Mjg0OSwidXJsIjoiaHR0cHM6XC9cL2xhY2guaHVcL3dwLWNvbnRlbnRcL3VwbG9hZHNcLzIwMjZcLzAxXC9kb21kb21fMy1zY2FsZWQud2VicCIsInNsaWRlc2hvdyI6IjZiMDUwMzAifQ%3D%3D\" href=\"https:\/\/lach.hu\/wp-content\/uploads\/2026\/01\/domdom_3-scaled.webp\"><figure class=\"swiper-slide-inner\"><img decoding=\"async\" class=\"swiper-slide-image\" src=\"https:\/\/lach.hu\/wp-content\/uploads\/elementor\/thumbs\/domdom_3-scaled-rihaz0rqueieqzstikqoxgrf97xbn2rw0pbrvdjyk8.webp\" alt=\"domdom_3\" \/><\/figure><\/a><\/div><div class=\"swiper-slide\" role=\"group\" aria-roledescription=\"slide\" aria-label=\"5 \/ 6\"><a data-elementor-open-lightbox=\"yes\" data-elementor-lightbox-slideshow=\"6b05030\" data-e-action-hash=\"#elementor-action%3Aaction%3Dlightbox%26settings%3DeyJpZCI6Mjg1MSwidXJsIjoiaHR0cHM6XC9cL2xhY2guaHVcL3dwLWNvbnRlbnRcL3VwbG9hZHNcLzIwMjZcLzAxXC9kb21kb21fNS1zY2FsZWQud2VicCIsInNsaWRlc2hvdyI6IjZiMDUwMzAifQ%3D%3D\" href=\"https:\/\/lach.hu\/wp-content\/uploads\/2026\/01\/domdom_5-scaled.webp\"><figure class=\"swiper-slide-inner\"><img decoding=\"async\" class=\"swiper-slide-image\" src=\"https:\/\/lach.hu\/wp-content\/uploads\/elementor\/thumbs\/domdom_5-scaled-rihaz5gxskoud1lzr4rtrxkq85a5pkajpcl79rczp4.webp\" alt=\"domdom_5\" \/><\/figure><\/a><\/div><div class=\"swiper-slide\" role=\"group\" aria-roledescription=\"slide\" aria-label=\"6 \/ 6\"><a data-elementor-open-lightbox=\"yes\" data-elementor-lightbox-slideshow=\"6b05030\" data-e-action-hash=\"#elementor-action%3Aaction%3Dlightbox%26settings%3DeyJpZCI6Mjg1MiwidXJsIjoiaHR0cHM6XC9cL2xhY2guaHVcL3dwLWNvbnRlbnRcL3VwbG9hZHNcLzIwMjZcLzAxXC9kb21kb21fNi1zY2FsZWQud2VicCIsInNsaWRlc2hvdyI6IjZiMDUwMzAifQ%3D%3D\" href=\"https:\/\/lach.hu\/wp-content\/uploads\/2026\/01\/domdom_6-scaled.webp\"><figure class=\"swiper-slide-inner\"><img decoding=\"async\" class=\"swiper-slide-image\" src=\"https:\/\/lach.hu\/wp-content\/uploads\/elementor\/thumbs\/domdom_6-scaled-rihaz7cm68rf09j9g5l2wx3nex0w4yi0dlw68ba7co.webp\" alt=\"domdom_6\" \/><\/figure><\/a><\/div>\t\t\t<\/div>\n\t\t\t\t\t\t\t\t\t\t\t\t<div class=\"elementor-swiper-button elementor-swiper-button-prev\" role=\"button\" tabindex=\"0\">\n\t\t\t\t\t\t<svg aria-hidden=\"true\" class=\"e-font-icon-svg e-eicon-chevron-left\" viewbox=\"0 0 1000 1000\" xmlns=\"http:\/\/www.w3.org\/2000\/svg\"><path d=\"M646 125C629 125 613 133 604 142L308 442C296 454 292 471 292 487 292 504 296 521 308 533L604 854C617 867 629 875 646 875 663 875 679 871 692 858 704 846 713 829 713 812 713 796 708 779 692 767L438 487 692 225C700 217 708 204 708 187 708 171 704 154 692 142 675 129 663 125 646 125Z\"><\/path><\/svg>\t\t\t\t\t<\/div>\n\t\t\t\t\t<div class=\"elementor-swiper-button elementor-swiper-button-next\" role=\"button\" tabindex=\"0\">\n\t\t\t\t\t\t<svg aria-hidden=\"true\" class=\"e-font-icon-svg e-eicon-chevron-right\" viewbox=\"0 0 1000 1000\" xmlns=\"http:\/\/www.w3.org\/2000\/svg\"><path d=\"M696 533C708 521 713 504 713 487 713 471 708 454 696 446L400 146C388 133 375 125 354 125 338 125 325 129 313 142 300 154 292 171 292 187 292 204 296 221 308 233L563 492 304 771C292 783 288 800 288 817 288 833 296 850 308 863 321 871 338 875 354 875 371 875 388 867 400 854L696 533Z\"><\/path><\/svg>\t\t\t\t\t<\/div>\n\t\t\t\t\n\t\t\t\t\t\t\t\t\t<div class=\"swiper-pagination\"><\/div>\n\t\t\t\t\t\t\t\t\t<\/div>\n\t\t\t\t\t\t<\/div>\n\t\t\t\t<\/div>\n\t\t\t\t\t<\/div>\n\t\t\t\t<\/div>\n\t\t<div class=\"elementor-element elementor-element-7a30521 e-flex e-con-boxed e-con e-parent\" data-id=\"7a30521\" data-element_type=\"container\" data-e-type=\"container\">\n\t\t\t\t\t<div class=\"e-con-inner\">\n\t\t\t\t<div class=\"elementor-element elementor-element-f5e5a92 elementor-widget elementor-widget-text-editor\" data-id=\"f5e5a92\" data-element_type=\"widget\" data-e-type=\"widget\" data-widget_type=\"text-editor.default\">\n\t\t\t\t\t\t\t\t\t<p>During several years of collaboration with D\u00f6md\u00f6m B\u00fcf\u00e9 in Dunavars\u00e1ny, the goal was to extend and unify the existing brand identity. Although the logo was already provided, my task was to develop a coherent visual appearance building upon it across every customer touchpoint. Throughout the project, I brought everything\u2014from graphic materials to the physical storefront (kiosk branding)\u2014under a common visual denominator.<\/p>\t\t\t\t\t\t\t\t<\/div>\n\t\t\t\t<div class=\"elementor-element elementor-element-2857f4d text-expender e-transform elementor-widget elementor-widget-n-accordion\" data-id=\"2857f4d\" data-element_type=\"widget\" data-e-type=\"widget\" data-settings=\"{&quot;default_state&quot;:&quot;all_collapsed&quot;,&quot;max_items_expended&quot;:&quot;one&quot;,&quot;n_accordion_animation_duration&quot;:{&quot;unit&quot;:&quot;ms&quot;,&quot;size&quot;:400,&quot;sizes&quot;:[]},&quot;_transform_scaleX_effect&quot;:{&quot;unit&quot;:&quot;px&quot;,&quot;size&quot;:&quot;&quot;,&quot;sizes&quot;:[]},&quot;_transform_scaleX_effect_tablet&quot;:{&quot;unit&quot;:&quot;px&quot;,&quot;size&quot;:&quot;&quot;,&quot;sizes&quot;:[]},&quot;_transform_scaleX_effect_mobile&quot;:{&quot;unit&quot;:&quot;px&quot;,&quot;size&quot;:&quot;&quot;,&quot;sizes&quot;:[]},&quot;_transform_scaleY_effect&quot;:{&quot;unit&quot;:&quot;px&quot;,&quot;size&quot;:&quot;&quot;,&quot;sizes&quot;:[]},&quot;_transform_scaleY_effect_tablet&quot;:{&quot;unit&quot;:&quot;px&quot;,&quot;size&quot;:&quot;&quot;,&quot;sizes&quot;:[]},&quot;_transform_scaleY_effect_mobile&quot;:{&quot;unit&quot;:&quot;px&quot;,&quot;size&quot;:&quot;&quot;,&quot;sizes&quot;:[]}}\" data-widget_type=\"nested-accordion.default\">\n\t\t\t\t\t\t\t<div class=\"e-n-accordion\" aria-label=\".\">\n\t\t\t\t\t\t<details id=\"e-n-accordion-item-4230\" class=\"e-n-accordion-item\" >\n\t\t\t\t<summary class=\"e-n-accordion-item-title\" data-accordion-index=\"1\" tabindex=\"0\" aria-expanded=\"false\" aria-controls=\"e-n-accordion-item-4230\" >\n\t\t\t\t\t<span class='e-n-accordion-item-title-header'><div class=\"e-n-accordion-item-title-text\"> Read more <\/div><\/span>\n\t\t\t\t\t\t\t<span class='e-n-accordion-item-title-icon'>\n\t\t\t<span class='e-opened' ><svg aria-hidden=\"true\" class=\"e-font-icon-svg e-fas-arrow-circle-up\" viewbox=\"0 0 512 512\" xmlns=\"http:\/\/www.w3.org\/2000\/svg\"><path d=\"M8 256C8 119 119 8 256 8s248 111 248 248-111 248-248 248S8 393 8 256zm143.6 28.9l72.4-75.5V392c0 13.3 10.7 24 24 24h16c13.3 0 24-10.7 24-24V209.4l72.4 75.5c9.3 9.7 24.8 9.9 34.3.4l10.9-11c9.4-9.4 9.4-24.6 0-33.9L273 107.7c-9.4-9.4-24.6-9.4-33.9 0L106.3 240.4c-9.4 9.4-9.4 24.6 0 33.9l10.9 11c9.6 9.5 25.1 9.3 34.4-.4z\"><\/path><\/svg><\/span>\n\t\t\t<span class='e-closed'><svg aria-hidden=\"true\" class=\"e-font-icon-svg e-fas-arrow-circle-right\" viewbox=\"0 0 512 512\" xmlns=\"http:\/\/www.w3.org\/2000\/svg\"><path d=\"M256 8c137 0 248 111 248 248S393 504 256 504 8 393 8 256 119 8 256 8zm-28.9 143.6l75.5 72.4H120c-13.3 0-24 10.7-24 24v16c0 13.3 10.7 24 24 24h182.6l-75.5 72.4c-9.7 9.3-9.9 24.8-.4 34.3l11 10.9c9.4 9.4 24.6 9.4 33.9 0L404.3 273c9.4-9.4 9.4-24.6 0-33.9L271.6 106.3c-9.4-9.4-24.6-9.4-33.9 0l-11 10.9c-9.5 9.6-9.3 25.1.4 34.4z\"><\/path><\/svg><\/span>\n\t\t<\/span>\n\n\t\t\t\t\t\t<\/summary>\n\t\t\t\t<div role=\"region\" aria-labelledby=\"e-n-accordion-item-4230\" class=\"elementor-element elementor-element-6a9006a e-con-full e-flex e-con e-child\" data-id=\"6a9006a\" data-element_type=\"container\" data-e-type=\"container\">\n\t\t<div role=\"region\" aria-labelledby=\"e-n-accordion-item-4230\" class=\"elementor-element elementor-element-5feeb93 e-flex e-con-boxed e-con e-child\" data-id=\"5feeb93\" data-element_type=\"container\" data-e-type=\"container\">\n\t\t\t\t\t<div class=\"e-con-inner\">\n\t\t\t\t<div class=\"elementor-element elementor-element-a980d61 elementor-widget elementor-widget-text-editor\" data-id=\"a980d61\" data-element_type=\"widget\" data-e-type=\"widget\" data-widget_type=\"text-editor.default\">\n\t\t\t\t\t\t\t\t\t<p>A key element of the design process was the iconic, radial geometric pattern found in the logo. I infused this dynamic motif and the brand\u2019s core colors into every material, from menus and large-format banners to the exterior decoration of the kiosk. This consistent play with the brand identity not only made the buffet instantly recognizable to visitors but also lent a unique, distinctive atmosphere to the location, strengthening the brand\u2019s presence on Dunavars\u00e1ny\u2019s gastronomic map.<\/p>\t\t\t\t\t\t\t\t<\/div>\n\t\t\t\t\t<\/div>\n\t\t\t\t<\/div>\n\t\t\t\t<\/div>\n\t\t\t\t\t<\/details>\n\t\t\t\t\t<\/div>\n\t\t\t\t\t\t<\/div>\n\t\t\t\t\t<\/div>\n\t\t\t\t<\/div>\n\t\t<div class=\"elementor-element elementor-element-de37640 e-flex e-con-boxed e-con e-parent\" data-id=\"de37640\" data-element_type=\"container\" data-e-type=\"container\">\n\t\t\t\t\t<div class=\"e-con-inner\">\n\t\t\t\t<div class=\"elementor-element elementor-element-94dad62 elementor-widget elementor-widget-button\" data-id=\"94dad62\" data-element_type=\"widget\" data-e-type=\"widget\" data-widget_type=\"button.default\">\n\t\t\t\t\t\t\t\t\t\t<a class=\"elementor-button elementor-button-link elementor-size-sm\" href=\"https:\/\/lach.hu\/en\/projektek\/\">\n\t\t\t\t\t\t<span class=\"elementor-button-content-wrapper\">\n\t\t\t\t\t\t\t\t\t<span class=\"elementor-button-text\">Back<\/span>\n\t\t\t\t\t<\/span>\n\t\t\t\t\t<\/a>\n\t\t\t\t\t\t\t\t<\/div>\n\t\t\t\t\t<\/div>\n\t\t\t\t<\/div>\n\t\t\t\t<\/div>","protected":false},"excerpt":{"rendered":"<p>D\u00f6mD\u00f6m b\u00fcf\u00e9 Helysz\u00edn:\u00a0Dunavars\u00e1ny Tervez\u0151:\u00a0Lach B\u00e1lint \u00c9v:2021-2022 A dunavars\u00e1nyi D\u00f6md\u00f6m B\u00fcf\u00e9 sz\u00e1m\u00e1ra v\u00e9gzett t\u00f6bb\u00e9ves munka sor\u00e1n a c\u00e9l a megl\u00e9v\u0151 m\u00e1rkaidentit\u00e1s kiterjeszt\u00e9se \u00e9s egys\u00e9ges\u00edt\u00e9se volt. B\u00e1r a log\u00f3 m\u00e1r adott volt, a feladatomat az ebb\u0151l \u00e9p\u00edtkez\u0151, koherens vizu\u00e1lis megjelen\u00e9s kialak\u00edt\u00e1sa jelentette minden egyes v\u00e1s\u00e1rl\u00f3i \u00e9rintkez\u00e9si ponton. A projekt sor\u00e1n a grafikai anyagokt\u00f3l kezdve a fizikai \u00fczletmegjelen\u00e9sig&#8230;<\/p>","protected":false},"author":1,"featured_media":2847,"parent":0,"menu_order":0,"comment_status":"closed","ping_status":"closed","template":"","meta":{"_seopress_robots_primary_cat":"","_seopress_titles_title":"D\u00f6mD\u00f6m B\u00fcf\u00e9","_seopress_titles_desc":"","_seopress_robots_index":"","_kadence_starter_templates_imported_post":false,"_kad_post_transparent":"","_kad_post_title":"hide","_kad_post_layout":"fullwidth","_kad_post_sidebar_id":"","_kad_post_content_style":"unboxed","_kad_post_vertical_padding":"hide","_kad_post_feature":"hide","_kad_post_feature_position":"","_kad_post_header":false,"_kad_post_footer":false,"_kad_post_classname":"","footnotes":""},"class_list":["post-3177","page","type-page","status-publish","has-post-thumbnail","hentry"],"_links":{"self":[{"href":"https:\/\/lach.hu\/en\/wp-json\/wp\/v2\/pages\/3177","targetHints":{"allow":["GET"]}}],"collection":[{"href":"https:\/\/lach.hu\/en\/wp-json\/wp\/v2\/pages"}],"about":[{"href":"https:\/\/lach.hu\/en\/wp-json\/wp\/v2\/types\/page"}],"author":[{"embeddable":true,"href":"https:\/\/lach.hu\/en\/wp-json\/wp\/v2\/users\/1"}],"replies":[{"embeddable":true,"href":"https:\/\/lach.hu\/en\/wp-json\/wp\/v2\/comments?post=3177"}],"version-history":[{"count":11,"href":"https:\/\/lach.hu\/en\/wp-json\/wp\/v2\/pages\/3177\/revisions"}],"predecessor-version":[{"id":3570,"href":"https:\/\/lach.hu\/en\/wp-json\/wp\/v2\/pages\/3177\/revisions\/3570"}],"wp:featuredmedia":[{"embeddable":true,"href":"https:\/\/lach.hu\/en\/wp-json\/wp\/v2\/media\/2847"}],"wp:attachment":[{"href":"https:\/\/lach.hu\/en\/wp-json\/wp\/v2\/media?parent=3177"}],"curies":[{"name":"wp","href":"https:\/\/api.w.org\/{rel}","templated":true}]}}