{"id":2750,"date":"2026-01-30T14:59:05","date_gmt":"2026-01-30T14:59:05","guid":{"rendered":"https:\/\/lach.hu\/?page_id=2750"},"modified":"2026-02-09T12:46:17","modified_gmt":"2026-02-09T12:46:17","slug":"az_utolso_szo_jogan","status":"publish","type":"page","link":"https:\/\/lach.hu\/en\/az_utolso_szo_jogan\/","title":{"rendered":"PRO_Bocskai"},"content":{"rendered":"<div data-elementor-type=\"wp-page\" data-elementor-id=\"2750\" class=\"elementor elementor-2750\">\n\t\t\t\t<div class=\"elementor-element elementor-element-79ec1d5 e-flex e-con-boxed e-con e-parent\" data-id=\"79ec1d5\" data-element_type=\"container\" data-e-type=\"container\">\n\t\t\t\t\t<div class=\"e-con-inner\">\n\t\t<div class=\"elementor-element elementor-element-50194cb e-con-full e-flex e-con e-child\" data-id=\"50194cb\" data-element_type=\"container\" data-e-type=\"container\">\n\t\t\t\t<div class=\"elementor-element elementor-element-fe8b97a elementor-widget elementor-widget-text-editor\" data-id=\"fe8b97a\" data-element_type=\"widget\" data-e-type=\"widget\" data-widget_type=\"text-editor.default\">\n\t\t\t\t\t\t\t\t\t<p class=\"MsoNormal\"><b>\"The Right of the Last Word...\"<\/b><\/p>\t\t\t\t\t\t\t\t<\/div>\n\t\t\t\t<div class=\"elementor-element elementor-element-8bf32e4 elementor-widget elementor-widget-text-editor\" data-id=\"8bf32e4\" data-element_type=\"widget\" data-e-type=\"widget\" data-widget_type=\"text-editor.default\">\n\t\t\t\t\t\t\t\t\t<p>Design Competition for the Representative Main Entrance of the \u00dajbuda Mayor's Office Building on Bocskai Road<\/p>\t\t\t\t\t\t\t\t<\/div>\n\t\t\t\t<div class=\"elementor-element elementor-element-6e37363 elementor-widget-divider--view-line elementor-widget elementor-widget-divider\" data-id=\"6e37363\" data-element_type=\"widget\" data-e-type=\"widget\" data-widget_type=\"divider.default\">\n\t\t\t\t\t\t\t<div class=\"elementor-divider\">\n\t\t\t<span class=\"elementor-divider-separator\">\n\t\t\t\t\t\t<\/span>\n\t\t<\/div>\n\t\t\t\t\t\t<\/div>\n\t\t\t\t<div class=\"elementor-element elementor-element-6859c10 elementor-widget elementor-widget-text-editor\" data-id=\"6859c10\" data-element_type=\"widget\" data-e-type=\"widget\" data-widget_type=\"text-editor.default\">\n\t\t\t\t\t\t\t\t\t<p><strong>Location:\u00a0<br \/><\/strong>Budapest XI.<\/p><p><strong>Designers:<\/strong>\u00a0<br \/>Matzon \u00c1kos Frigyes, Lach B\u00e1lint<\/p><p><strong>Year:<br \/><\/strong>2025<\/p><p><strong>Award:<\/strong><br \/>2nd Prize<\/p>\t\t\t\t\t\t\t\t<\/div>\n\t\t\t\t<\/div>\n\t\t<div class=\"elementor-element elementor-element-ad674a1 e-con-full e-flex e-con e-child\" data-id=\"ad674a1\" data-element_type=\"container\" data-e-type=\"container\">\n\t\t\t\t<div class=\"elementor-element elementor-element-44a74ff elementor-widget elementor-widget-image\" data-id=\"44a74ff\" data-element_type=\"widget\" data-e-type=\"widget\" data-widget_type=\"image.default\">\n\t\t\t\t\t\t\t\t\t\t\t\t\t\t\t\t<a href=\"https:\/\/lach.hu\/wp-content\/uploads\/2026\/01\/bocskai_1-scaled.webp\" data-elementor-open-lightbox=\"yes\" data-e-action-hash=\"#elementor-action%3Aaction%3Dlightbox%26settings%3DeyJpZCI6MjUyMiwidXJsIjoiaHR0cHM6XC9cL2xhY2guaHVcL3dwLWNvbnRlbnRcL3VwbG9hZHNcLzIwMjZcLzAxXC9ib2Nza2FpXzEtc2NhbGVkLWUxNzY5ODc1NTI5NjQ5LndlYnAifQ%3D%3D\">\n\t\t\t\t\t\t\t<img alt=\"\" fetchpriority=\"high\" decoding=\"async\" width=\"2350\" height=\"2040\" src=\"https:\/\/lach.hu\/wp-content\/uploads\/2026\/01\/bocskai_1-scaled-e1769875529649.webp\" class=\"attachment-full size-full wp-image-2522\" srcset=\"https:\/\/lach.hu\/wp-content\/uploads\/2026\/01\/bocskai_1-scaled-e1769875529649.webp 2350w, https:\/\/lach.hu\/wp-content\/uploads\/2026\/01\/bocskai_1-scaled-e1769875529649-300x260.webp 300w, https:\/\/lach.hu\/wp-content\/uploads\/2026\/01\/bocskai_1-scaled-e1769875529649-1024x889.webp 1024w, https:\/\/lach.hu\/wp-content\/uploads\/2026\/01\/bocskai_1-scaled-e1769875529649-768x667.webp 768w, https:\/\/lach.hu\/wp-content\/uploads\/2026\/01\/bocskai_1-scaled-e1769875529649-1536x1333.webp 1536w, https:\/\/lach.hu\/wp-content\/uploads\/2026\/01\/bocskai_1-scaled-e1769875529649-2048x1778.webp 2048w, https:\/\/lach.hu\/wp-content\/uploads\/2026\/01\/bocskai_1-scaled-e1769875529649-14x12.webp 14w\" sizes=\"(max-width: 2350px) 100vw, 2350px\" \/>\t\t\t\t\t\t\t\t<\/a>\n\t\t\t\t\t\t\t\t\t\t\t\t\t\t\t<\/div>\n\t\t\t\t<div class=\"elementor-element elementor-element-6b4473a elementor-arrows-position-inside elementor-pagination-position-outside elementor-widget elementor-widget-image-carousel\" data-id=\"6b4473a\" data-element_type=\"widget\" data-e-type=\"widget\" data-settings=\"{&quot;image_spacing_custom&quot;:{&quot;unit&quot;:&quot;px&quot;,&quot;size&quot;:10,&quot;sizes&quot;:[]},&quot;slides_to_show&quot;:&quot;2&quot;,&quot;navigation&quot;:&quot;both&quot;,&quot;autoplay&quot;:&quot;yes&quot;,&quot;pause_on_hover&quot;:&quot;yes&quot;,&quot;pause_on_interaction&quot;:&quot;yes&quot;,&quot;autoplay_speed&quot;:5000,&quot;infinite&quot;:&quot;yes&quot;,&quot;speed&quot;:500,&quot;image_spacing_custom_tablet&quot;:{&quot;unit&quot;:&quot;px&quot;,&quot;size&quot;:&quot;&quot;,&quot;sizes&quot;:[]},&quot;image_spacing_custom_mobile&quot;:{&quot;unit&quot;:&quot;px&quot;,&quot;size&quot;:&quot;&quot;,&quot;sizes&quot;:[]}}\" data-widget_type=\"image-carousel.default\">\n\t\t\t\t\t\t\t<div class=\"elementor-image-carousel-wrapper swiper\" role=\"region\" aria-roledescription=\"carousel\" aria-label=\"K\u00e9p k\u00f6rhinta\" dir=\"ltr\">\n\t\t\t<div class=\"elementor-image-carousel swiper-wrapper swiper-image-stretch\" aria-live=\"off\">\n\t\t\t\t\t\t\t\t<div class=\"swiper-slide\" role=\"group\" aria-roledescription=\"slide\" aria-label=\"1 of 3\" data-no-translation-aria-label=\"\"><a data-elementor-open-lightbox=\"yes\" data-elementor-lightbox-slideshow=\"6b4473a\" data-e-action-hash=\"#elementor-action%3Aaction%3Dlightbox%26settings%3DeyJpZCI6MjUyMywidXJsIjoiaHR0cHM6XC9cL2xhY2guaHVcL3dwLWNvbnRlbnRcL3VwbG9hZHNcLzIwMjZcLzAxXC9ib2Nza2FpXzItc2NhbGVkLndlYnAiLCJzbGlkZXNob3ciOiI2YjQ0NzNhIn0%3D\" href=\"https:\/\/lach.hu\/wp-content\/uploads\/2026\/01\/bocskai_2-scaled.webp\"><figure class=\"swiper-slide-inner\"><img decoding=\"async\" class=\"swiper-slide-image\" src=\"https:\/\/lach.hu\/wp-content\/uploads\/elementor\/thumbs\/bocskai_2-scaled-ridiamxzfavjyuxl3po4r3v69jvept6vj2aa3d21tk.webp\" alt=\"bocskai_2\" \/><\/figure><\/a><\/div><div class=\"swiper-slide\" role=\"group\" aria-roledescription=\"slide\" aria-label=\"2 of 3\" data-no-translation-aria-label=\"\"><a data-elementor-open-lightbox=\"yes\" data-elementor-lightbox-slideshow=\"6b4473a\" data-e-action-hash=\"#elementor-action%3Aaction%3Dlightbox%26settings%3DeyJpZCI6MjUyNCwidXJsIjoiaHR0cHM6XC9cL2xhY2guaHVcL3dwLWNvbnRlbnRcL3VwbG9hZHNcLzIwMjZcLzAxXC9ib2Nza2FpXzMtc2NhbGVkLndlYnAiLCJzbGlkZXNob3ciOiI2YjQ0NzNhIn0%3D\" href=\"https:\/\/lach.hu\/wp-content\/uploads\/2026\/01\/bocskai_3-scaled.webp\"><figure class=\"swiper-slide-inner\"><img decoding=\"async\" class=\"swiper-slide-image\" src=\"https:\/\/lach.hu\/wp-content\/uploads\/elementor\/thumbs\/bocskai_3-scaled-ridiaqpc6n0p9as4hran12x0n3cvkllsvkw80gwh4o.webp\" alt=\"bocskai_3\" \/><\/figure><\/a><\/div><div class=\"swiper-slide\" role=\"group\" aria-roledescription=\"slide\" aria-label=\"3 of 3\" data-no-translation-aria-label=\"\"><a data-elementor-open-lightbox=\"yes\" data-elementor-lightbox-slideshow=\"6b4473a\" data-e-action-hash=\"#elementor-action%3Aaction%3Dlightbox%26settings%3DeyJpZCI6MjUyNSwidXJsIjoiaHR0cHM6XC9cL2xhY2guaHVcL3dwLWNvbnRlbnRcL3VwbG9hZHNcLzIwMjZcLzAxXC9ib2Nza2FpXzQud2VicCIsInNsaWRlc2hvdyI6IjZiNDQ3M2EifQ%3D%3D\" href=\"https:\/\/lach.hu\/wp-content\/uploads\/2026\/01\/bocskai_4.webp\"><figure class=\"swiper-slide-inner\"><img decoding=\"async\" class=\"swiper-slide-image\" src=\"https:\/\/lach.hu\/wp-content\/uploads\/elementor\/thumbs\/bocskai_4-ridiatiur54k84o11aiiqk7ef8yz7owzvyuogasam0.webp\" alt=\"bocskai_4\" \/><\/figure><\/a><\/div>\t\t\t<\/div>\n\t\t\t\t\t\t\t\t\t\t\t\t<div class=\"elementor-swiper-button elementor-swiper-button-prev\" role=\"button\" tabindex=\"0\">\n\t\t\t\t\t\t<svg aria-hidden=\"true\" class=\"e-font-icon-svg e-eicon-chevron-left\" viewbox=\"0 0 1000 1000\" xmlns=\"http:\/\/www.w3.org\/2000\/svg\"><path d=\"M646 125C629 125 613 133 604 142L308 442C296 454 292 471 292 487 292 504 296 521 308 533L604 854C617 867 629 875 646 875 663 875 679 871 692 858 704 846 713 829 713 812 713 796 708 779 692 767L438 487 692 225C700 217 708 204 708 187 708 171 704 154 692 142 675 129 663 125 646 125Z\"><\/path><\/svg>\t\t\t\t\t<\/div>\n\t\t\t\t\t<div class=\"elementor-swiper-button elementor-swiper-button-next\" role=\"button\" tabindex=\"0\">\n\t\t\t\t\t\t<svg aria-hidden=\"true\" class=\"e-font-icon-svg e-eicon-chevron-right\" viewbox=\"0 0 1000 1000\" xmlns=\"http:\/\/www.w3.org\/2000\/svg\"><path d=\"M696 533C708 521 713 504 713 487 713 471 708 454 696 446L400 146C388 133 375 125 354 125 338 125 325 129 313 142 300 154 292 171 292 187 292 204 296 221 308 233L563 492 304 771C292 783 288 800 288 817 288 833 296 850 308 863 321 871 338 875 354 875 371 875 388 867 400 854L696 533Z\"><\/path><\/svg>\t\t\t\t\t<\/div>\n\t\t\t\t\n\t\t\t\t\t\t\t\t\t<div class=\"swiper-pagination\"><\/div>\n\t\t\t\t\t\t\t\t\t<\/div>\n\t\t\t\t\t\t<\/div>\n\t\t\t\t<\/div>\n\t\t\t\t\t<\/div>\n\t\t\t\t<\/div>\n\t\t<div class=\"elementor-element elementor-element-b7b7ca5 e-flex e-con-boxed e-con e-parent\" data-id=\"b7b7ca5\" data-element_type=\"container\" data-e-type=\"container\">\n\t\t\t\t\t<div class=\"e-con-inner\">\n\t\t\t\t<div class=\"elementor-element elementor-element-4ccd592 elementor-widget elementor-widget-text-editor\" data-id=\"4ccd592\" data-element_type=\"widget\" data-e-type=\"widget\" data-widget_type=\"text-editor.default\">\n\t\t\t\t\t\t\t\t\t<p>The project aims to convey emotions and spatial experiences through simple geometric forms. The work strives to allow observers to discover its effects as active participants. It was inspired by the monochrome tradition of art, particularly the purity of the color white. The diversity of shades and textures highlights the interplay of light and shadow, while the geometric forms carry rich symbolic content. This creation reflects a deep connection to a location that has long been close to the artist. The site holds significant emotional importance, and the intention behind the concept is to enrich \u00dajbuda with a lasting element.<\/p>\t\t\t\t\t\t\t\t<\/div>\n\t\t\t\t\t<\/div>\n\t\t\t\t<\/div>\n\t\t<div class=\"elementor-element elementor-element-376dbd9 e-flex e-con-boxed e-con e-parent\" data-id=\"376dbd9\" data-element_type=\"container\" data-e-type=\"container\">\n\t\t\t\t\t<div class=\"e-con-inner\">\n\t\t\t\t<div class=\"elementor-element elementor-element-77f70f1 elementor-widget elementor-widget-button\" data-id=\"77f70f1\" data-element_type=\"widget\" data-e-type=\"widget\" data-widget_type=\"button.default\">\n\t\t\t\t\t\t\t\t\t\t<a class=\"elementor-button elementor-button-link elementor-size-sm\" href=\"https:\/\/lach.hu\/en\/projektek\/\">\n\t\t\t\t\t\t<span class=\"elementor-button-content-wrapper\">\n\t\t\t\t\t\t\t\t\t<span class=\"elementor-button-text\">Back<\/span>\n\t\t\t\t\t<\/span>\n\t\t\t\t\t<\/a>\n\t\t\t\t\t\t\t\t<\/div>\n\t\t\t\t\t<\/div>\n\t\t\t\t<\/div>\n\t\t\t\t<\/div>","protected":false},"excerpt":{"rendered":"<p>\u201eAz utols\u00f3 sz\u00f3 jog\u00e1n\u2026\u201d \u00dajbudai Polg\u00e1rmesteri Hivatal Bocskai \u00fati \u00e9p\u00fclet\u00e9nek reprezentat\u00edv f\u0151bej\u00e1rata \u00f6tletp\u00e1ly\u00e1zat Helysz\u00edn:\u00a0Budapest XI. Tervez\u0151k:\u00a0Matzon \u00c1kos Frigyes, Lach B\u00e1lint \u00c9v:2025 D\u00edj:II. helyez\u00e9s A projekt c\u00e9lja, hogy az egyszer\u0171 geometrikus form\u00e1k seg\u00edts\u00e9g\u00e9vel \u00e9rzelmeket \u00e9s t\u00e9r\u00e9lm\u00e9nyt k\u00f6zvet\u00edtsen. Az alkot\u00e1s arra t\u00f6rekszik, hogy a szeml\u00e9l\u0151k akt\u00edv r\u00e9sztvev\u0151k\u00e9nt fedezhess\u00e9k fel az \u00e1ltala ny\u00fajtott hat\u00e1sokat. A m\u0171v\u00e9szet monokr\u00f3m trad\u00edci\u00f3ja,&#8230;<\/p>","protected":false},"author":1,"featured_media":2522,"parent":0,"menu_order":0,"comment_status":"closed","ping_status":"closed","template":"","meta":{"_seopress_robots_primary_cat":"","_seopress_titles_title":"\u201eAz utols\u00f3 sz\u00f3 jog\u00e1n\u2026\u201d","_seopress_titles_desc":"","_seopress_robots_index":"","_kadence_starter_templates_imported_post":false,"_kad_post_transparent":"","_kad_post_title":"hide","_kad_post_layout":"fullwidth","_kad_post_sidebar_id":"","_kad_post_content_style":"unboxed","_kad_post_vertical_padding":"hide","_kad_post_feature":"hide","_kad_post_feature_position":"","_kad_post_header":false,"_kad_post_footer":false,"_kad_post_classname":"","footnotes":""},"class_list":["post-2750","page","type-page","status-publish","has-post-thumbnail","hentry"],"_links":{"self":[{"href":"https:\/\/lach.hu\/en\/wp-json\/wp\/v2\/pages\/2750","targetHints":{"allow":["GET"]}}],"collection":[{"href":"https:\/\/lach.hu\/en\/wp-json\/wp\/v2\/pages"}],"about":[{"href":"https:\/\/lach.hu\/en\/wp-json\/wp\/v2\/types\/page"}],"author":[{"embeddable":true,"href":"https:\/\/lach.hu\/en\/wp-json\/wp\/v2\/users\/1"}],"replies":[{"embeddable":true,"href":"https:\/\/lach.hu\/en\/wp-json\/wp\/v2\/comments?post=2750"}],"version-history":[{"count":8,"href":"https:\/\/lach.hu\/en\/wp-json\/wp\/v2\/pages\/2750\/revisions"}],"predecessor-version":[{"id":3568,"href":"https:\/\/lach.hu\/en\/wp-json\/wp\/v2\/pages\/2750\/revisions\/3568"}],"wp:featuredmedia":[{"embeddable":true,"href":"https:\/\/lach.hu\/en\/wp-json\/wp\/v2\/media\/2522"}],"wp:attachment":[{"href":"https:\/\/lach.hu\/en\/wp-json\/wp\/v2\/media?parent=2750"}],"curies":[{"name":"wp","href":"https:\/\/api.w.org\/{rel}","templated":true}]}}