{"id":2683,"date":"2026-01-30T14:03:20","date_gmt":"2026-01-30T14:03:20","guid":{"rendered":"https:\/\/lach.hu\/?page_id=2683"},"modified":"2026-02-09T13:04:17","modified_gmt":"2026-02-09T13:04:17","slug":"nagykoru","status":"publish","type":"page","link":"https:\/\/lach.hu\/en\/nagykoru\/","title":{"rendered":"PRO_Nagykorut"},"content":{"rendered":"<div data-elementor-type=\"wp-page\" data-elementor-id=\"2683\" class=\"elementor elementor-2683\">\n\t\t\t\t<div class=\"elementor-element elementor-element-af45cdb e-flex e-con-boxed e-con e-parent\" data-id=\"af45cdb\" data-element_type=\"container\" data-e-type=\"container\">\n\t\t\t\t\t<div class=\"e-con-inner\">\n\t\t<div class=\"elementor-element elementor-element-b14800c e-con-full e-flex e-con e-child\" data-id=\"b14800c\" data-element_type=\"container\" data-e-type=\"container\">\n\t\t\t\t<div class=\"elementor-element elementor-element-8847c91 elementor-widget elementor-widget-text-editor\" data-id=\"8847c91\" data-element_type=\"widget\" data-e-type=\"widget\" data-widget_type=\"text-editor.default\">\n\t\t\t\t\t\t\t\t\t<p>Visual Identity of Nagyk\u00f6r\u00fat, Budapest<\/p>\t\t\t\t\t\t\t\t<\/div>\n\t\t\t\t<div class=\"elementor-element elementor-element-8b8e2c9 elementor-widget elementor-widget-text-editor\" data-id=\"8b8e2c9\" data-element_type=\"widget\" data-e-type=\"widget\" data-widget_type=\"text-editor.default\">\n\t\t\t\t\t\t\t\t\t<p>Open Visual Identity Design Competition<\/p>\t\t\t\t\t\t\t\t<\/div>\n\t\t\t\t<div class=\"elementor-element elementor-element-12bab37 elementor-widget-divider--view-line elementor-widget elementor-widget-divider\" data-id=\"12bab37\" data-element_type=\"widget\" data-e-type=\"widget\" data-widget_type=\"divider.default\">\n\t\t\t\t\t\t\t<div class=\"elementor-divider\">\n\t\t\t<span class=\"elementor-divider-separator\">\n\t\t\t\t\t\t<\/span>\n\t\t<\/div>\n\t\t\t\t\t\t<\/div>\n\t\t\t\t<div class=\"elementor-element elementor-element-66dd69c elementor-widget elementor-widget-text-editor\" data-id=\"66dd69c\" data-element_type=\"widget\" data-e-type=\"widget\" data-widget_type=\"text-editor.default\">\n\t\t\t\t\t\t\t\t\t<p><strong>Location:\u00a0<br \/><\/strong>Budapest<\/p><p><strong>Designer:<\/strong>\u00a0<br \/>B\u00e1lint Lach<\/p><p><strong>Year:<br \/><\/strong>2025<\/p><p><strong>Award:<\/strong><br \/>2nd Place<\/p>\t\t\t\t\t\t\t\t<\/div>\n\t\t\t\t<\/div>\n\t\t<div class=\"elementor-element elementor-element-ed5c14c e-con-full e-flex e-con e-child\" data-id=\"ed5c14c\" data-element_type=\"container\" data-e-type=\"container\">\n\t\t\t\t<div class=\"elementor-element elementor-element-824ab80 elementor-widget elementor-widget-image\" data-id=\"824ab80\" data-element_type=\"widget\" data-e-type=\"widget\" data-widget_type=\"image.default\">\n\t\t\t\t\t\t\t\t\t\t\t\t\t\t\t\t<a href=\"https:\/\/lach.hu\/wp-content\/uploads\/2026\/01\/budapesti_korut_arculata_11-scaled.webp\" data-elementor-open-lightbox=\"yes\" data-e-action-hash=\"#elementor-action%3Aaction%3Dlightbox%26settings%3DeyJpZCI6MjUzNiwidXJsIjoiaHR0cHM6XC9cL2xhY2guaHVcL3dwLWNvbnRlbnRcL3VwbG9hZHNcLzIwMjZcLzAxXC9idWRhcGVzdGlfa29ydXRfYXJjdWxhdGFfMTEtc2NhbGVkLndlYnAifQ%3D%3D\">\n\t\t\t\t\t\t\t<img alt=\"\" fetchpriority=\"high\" decoding=\"async\" width=\"2560\" height=\"2560\" src=\"https:\/\/lach.hu\/wp-content\/uploads\/2026\/01\/budapesti_korut_arculata_11-scaled.webp\" class=\"attachment-full size-full wp-image-2536\" srcset=\"https:\/\/lach.hu\/wp-content\/uploads\/2026\/01\/budapesti_korut_arculata_11-scaled.webp 2560w, https:\/\/lach.hu\/wp-content\/uploads\/2026\/01\/elementor\/thumbs\/budapesti_korut_arculata_11-scaled-ridicnbk1jmmsu0gd2yel3lo07yo6i67h0io1o2qig.webp 300w, https:\/\/lach.hu\/wp-content\/uploads\/2026\/01\/budapesti_korut_arculata_11-1024x1024.webp 1024w, https:\/\/lach.hu\/wp-content\/uploads\/2026\/01\/budapesti_korut_arculata_11-150x150.webp 150w, https:\/\/lach.hu\/wp-content\/uploads\/2026\/01\/budapesti_korut_arculata_11-768x768.webp 768w, https:\/\/lach.hu\/wp-content\/uploads\/2026\/01\/budapesti_korut_arculata_11-1536x1536.webp 1536w, https:\/\/lach.hu\/wp-content\/uploads\/2026\/01\/budapesti_korut_arculata_11-2048x2048.webp 2048w, https:\/\/lach.hu\/wp-content\/uploads\/2026\/01\/budapesti_korut_arculata_11-12x12.webp 12w\" sizes=\"(max-width: 2560px) 100vw, 2560px\" \/>\t\t\t\t\t\t\t\t<\/a>\n\t\t\t\t\t\t\t\t\t\t\t\t\t\t\t<\/div>\n\t\t\t\t<div class=\"elementor-element elementor-element-41ffbd1 elementor-arrows-position-inside elementor-pagination-position-outside elementor-widget elementor-widget-image-carousel\" data-id=\"41ffbd1\" data-element_type=\"widget\" data-e-type=\"widget\" data-settings=\"{&quot;image_spacing_custom&quot;:{&quot;unit&quot;:&quot;px&quot;,&quot;size&quot;:10,&quot;sizes&quot;:[]},&quot;navigation&quot;:&quot;both&quot;,&quot;autoplay&quot;:&quot;yes&quot;,&quot;pause_on_hover&quot;:&quot;yes&quot;,&quot;pause_on_interaction&quot;:&quot;yes&quot;,&quot;autoplay_speed&quot;:5000,&quot;infinite&quot;:&quot;yes&quot;,&quot;speed&quot;:500,&quot;image_spacing_custom_tablet&quot;:{&quot;unit&quot;:&quot;px&quot;,&quot;size&quot;:&quot;&quot;,&quot;sizes&quot;:[]},&quot;image_spacing_custom_mobile&quot;:{&quot;unit&quot;:&quot;px&quot;,&quot;size&quot;:&quot;&quot;,&quot;sizes&quot;:[]}}\" data-widget_type=\"image-carousel.default\">\n\t\t\t\t\t\t\t<div class=\"elementor-image-carousel-wrapper swiper\" role=\"region\" aria-roledescription=\"carousel\" aria-label=\"#\" dir=\"ltr\">\n\t\t\t<div class=\"elementor-image-carousel swiper-wrapper swiper-image-stretch\" aria-live=\"off\">\n\t\t\t\t\t\t\t\t<div class=\"swiper-slide\" role=\"group\" aria-roledescription=\"slide\" aria-label=\"1 \/ 10\"><a data-elementor-open-lightbox=\"yes\" data-elementor-lightbox-slideshow=\"41ffbd1\" data-e-action-hash=\"#elementor-action%3Aaction%3Dlightbox%26settings%3DeyJpZCI6MjUyNiwidXJsIjoiaHR0cHM6XC9cL2xhY2guaHVcL3dwLWNvbnRlbnRcL3VwbG9hZHNcLzIwMjZcLzAxXC9idWRhcGVzdGlfa29ydXRfYXJjdWxhdGFfMS1zY2FsZWQud2VicCIsInNsaWRlc2hvdyI6IjQxZmZiZDEifQ%3D%3D\" href=\"https:\/\/lach.hu\/wp-content\/uploads\/2026\/01\/budapesti_korut_arculata_1-scaled.webp\"><figure class=\"swiper-slide-inner\"><img decoding=\"async\" class=\"swiper-slide-image\" src=\"https:\/\/lach.hu\/wp-content\/uploads\/elementor\/thumbs\/budapesti_korut_arculata_1-scaled-ridic6egmizgzup13vn4c7vdbaa2byb1eorxeortmg.webp\" alt=\"budapesti_korut_arculata_1\" \/><\/figure><\/a><\/div><div class=\"swiper-slide\" role=\"group\" aria-roledescription=\"slide\" aria-label=\"2 \/ 10\"><a data-elementor-open-lightbox=\"yes\" data-elementor-lightbox-slideshow=\"41ffbd1\" data-e-action-hash=\"#elementor-action%3Aaction%3Dlightbox%26settings%3DeyJpZCI6MjUzMSwidXJsIjoiaHR0cHM6XC9cL2xhY2guaHVcL3dwLWNvbnRlbnRcL3VwbG9hZHNcLzIwMjZcLzAxXC9idWRhcGVzdGlfa29ydXRfYXJjdWxhdGFfNi53ZWJwIiwic2xpZGVzaG93IjoiNDFmZmJkMSJ9\" href=\"https:\/\/lach.hu\/wp-content\/uploads\/2026\/01\/budapesti_korut_arculata_6.webp\"><figure class=\"swiper-slide-inner\"><img decoding=\"async\" class=\"swiper-slide-image\" src=\"https:\/\/lach.hu\/wp-content\/uploads\/elementor\/thumbs\/budapesti_korut_arculata_6-ridicev0c1b1wccqqhargnqinr4d988mfunaq6fa2g.webp\" alt=\"budapesti_korut_arculata_6\" \/><\/figure><\/a><\/div><div class=\"swiper-slide\" role=\"group\" aria-roledescription=\"slide\" aria-label=\"3 \/ 10\"><a data-elementor-open-lightbox=\"yes\" data-elementor-lightbox-slideshow=\"41ffbd1\" data-e-action-hash=\"#elementor-action%3Aaction%3Dlightbox%26settings%3DeyJpZCI6MjUyOCwidXJsIjoiaHR0cHM6XC9cL2xhY2guaHVcL3dwLWNvbnRlbnRcL3VwbG9hZHNcLzIwMjZcLzAxXC9idWRhcGVzdGlfa29ydXRfYXJjdWxhdGFfMy53ZWJwIiwic2xpZGVzaG93IjoiNDFmZmJkMSJ9\" href=\"https:\/\/lach.hu\/wp-content\/uploads\/2026\/01\/budapesti_korut_arculata_3.webp\"><figure class=\"swiper-slide-inner\"><img decoding=\"async\" class=\"swiper-slide-image\" src=\"https:\/\/lach.hu\/wp-content\/uploads\/elementor\/thumbs\/budapesti_korut_arculata_3-ridicb3nkp5wlwi7cfo96oooa7mweftp3c1ct2kurc.webp\" alt=\"budapesti_korut_arculata_3\" \/><\/figure><\/a><\/div><div class=\"swiper-slide\" role=\"group\" aria-roledescription=\"slide\" aria-label=\"4 \/ 10\"><a data-elementor-open-lightbox=\"yes\" data-elementor-lightbox-slideshow=\"41ffbd1\" data-e-action-hash=\"#elementor-action%3Aaction%3Dlightbox%26settings%3DeyJpZCI6MjUzMCwidXJsIjoiaHR0cHM6XC9cL2xhY2guaHVcL3dwLWNvbnRlbnRcL3VwbG9hZHNcLzIwMjZcLzAxXC9idWRhcGVzdGlfa29ydXRfYXJjdWxhdGFfNS53ZWJwIiwic2xpZGVzaG93IjoiNDFmZmJkMSJ9\" href=\"https:\/\/lach.hu\/wp-content\/uploads\/2026\/01\/budapesti_korut_arculata_5.webp\"><figure class=\"swiper-slide-inner\"><img decoding=\"async\" class=\"swiper-slide-image\" src=\"https:\/\/lach.hu\/wp-content\/uploads\/elementor\/thumbs\/budapesti_korut_arculata_5-ridicdx6579rkqe3vyw4w5z22d901j4w3pzt8wgo8o.webp\" alt=\"budapesti_korut_arculata_5\" \/><\/figure><\/a><\/div><div class=\"swiper-slide\" role=\"group\" aria-roledescription=\"slide\" aria-label=\"5 \/ 10\"><a data-elementor-open-lightbox=\"yes\" data-elementor-lightbox-slideshow=\"41ffbd1\" data-e-action-hash=\"#elementor-action%3Aaction%3Dlightbox%26settings%3DeyJpZCI6MjUyOSwidXJsIjoiaHR0cHM6XC9cL2xhY2guaHVcL3dwLWNvbnRlbnRcL3VwbG9hZHNcLzIwMjZcLzAxXC9idWRhcGVzdGlfa29ydXRfYXJjdWxhdGFfNC53ZWJwIiwic2xpZGVzaG93IjoiNDFmZmJkMSJ9\" href=\"https:\/\/lach.hu\/wp-content\/uploads\/2026\/01\/budapesti_korut_arculata_4.webp\"><figure class=\"swiper-slide-inner\"><img decoding=\"async\" class=\"swiper-slide-image\" src=\"https:\/\/lach.hu\/wp-content\/uploads\/elementor\/thumbs\/budapesti_korut_arculata_4-ridicc1hrj76xigu6y2vr6g4vli9m4xffgouacjgl4.webp\" alt=\"budapesti_korut_arculata_4\" \/><\/figure><\/a><\/div><div class=\"swiper-slide\" role=\"group\" aria-roledescription=\"slide\" aria-label=\"6 \/ 10\"><a data-elementor-open-lightbox=\"yes\" data-elementor-lightbox-slideshow=\"41ffbd1\" data-e-action-hash=\"#elementor-action%3Aaction%3Dlightbox%26settings%3DeyJpZCI6MjUyNywidXJsIjoiaHR0cHM6XC9cL2xhY2guaHVcL3dwLWNvbnRlbnRcL3VwbG9hZHNcLzIwMjZcLzAxXC9idWRhcGVzdGlfa29ydXRfYXJjdWxhdGFfMi1zY2FsZWQud2VicCIsInNsaWRlc2hvdyI6IjQxZmZiZDEifQ%3D%3D\" href=\"https:\/\/lach.hu\/wp-content\/uploads\/2026\/01\/budapesti_korut_arculata_2-scaled.webp\"><figure class=\"swiper-slide-inner\"><img decoding=\"async\" class=\"swiper-slide-image\" src=\"https:\/\/lach.hu\/wp-content\/uploads\/elementor\/thumbs\/budapesti_korut_arculata_2-scaled-ridic97z713byokxnev01p5r3fw5z1m8f2qduinn3s.webp\" alt=\"budapesti_korut_arculata_2\" \/><\/figure><\/a><\/div><div class=\"swiper-slide\" role=\"group\" aria-roledescription=\"slide\" aria-label=\"7 \/ 10\"><a data-elementor-open-lightbox=\"yes\" data-elementor-lightbox-slideshow=\"41ffbd1\" data-e-action-hash=\"#elementor-action%3Aaction%3Dlightbox%26settings%3DeyJpZCI6MjUzMywidXJsIjoiaHR0cHM6XC9cL2xhY2guaHVcL3dwLWNvbnRlbnRcL3VwbG9hZHNcLzIwMjZcLzAxXC9idWRhcGVzdGlfa29ydXRfYXJjdWxhdGFfOC53ZWJwIiwic2xpZGVzaG93IjoiNDFmZmJkMSJ9\" href=\"https:\/\/lach.hu\/wp-content\/uploads\/2026\/01\/budapesti_korut_arculata_8.webp\"><figure class=\"swiper-slide-inner\"><img decoding=\"async\" class=\"swiper-slide-image\" src=\"https:\/\/lach.hu\/wp-content\/uploads\/elementor\/thumbs\/budapesti_korut_arculata_8-ridicimd3dg76s7a4ix9qmsd1alu40njsd98na9pdk.webp\" alt=\"budapesti_korut_arculata_8\" \/><\/figure><\/a><\/div><div class=\"swiper-slide\" role=\"group\" aria-roledescription=\"slide\" aria-label=\"8 \/ 10\"><a data-elementor-open-lightbox=\"yes\" data-elementor-lightbox-slideshow=\"41ffbd1\" data-e-action-hash=\"#elementor-action%3Aaction%3Dlightbox%26settings%3DeyJpZCI6MjUzMiwidXJsIjoiaHR0cHM6XC9cL2xhY2guaHVcL3dwLWNvbnRlbnRcL3VwbG9hZHNcLzIwMjZcLzAxXC9idWRhcGVzdGlfa29ydXRfYXJjdWxhdGFfNy1zY2FsZWQud2VicCIsInNsaWRlc2hvdyI6IjQxZmZiZDEifQ%3D%3D\" href=\"https:\/\/lach.hu\/wp-content\/uploads\/2026\/01\/budapesti_korut_arculata_7-scaled.webp\"><figure class=\"swiper-slide-inner\"><img decoding=\"async\" class=\"swiper-slide-image\" src=\"https:\/\/lach.hu\/wp-content\/uploads\/elementor\/thumbs\/budapesti_korut_arculata_7-scaled-ridicgqoppdmjka0fi40ln9fuiv3omg343y9oqchq0.webp\" alt=\"budapesti_korut_arculata_7\" \/><\/figure><\/a><\/div><div class=\"swiper-slide\" role=\"group\" aria-roledescription=\"slide\" aria-label=\"9 \/ 10\"><a data-elementor-open-lightbox=\"yes\" data-elementor-lightbox-slideshow=\"41ffbd1\" data-e-action-hash=\"#elementor-action%3Aaction%3Dlightbox%26settings%3DeyJpZCI6MjUzNCwidXJsIjoiaHR0cHM6XC9cL2xhY2guaHVcL3dwLWNvbnRlbnRcL3VwbG9hZHNcLzIwMjZcLzAxXC9idWRhcGVzdGlfa29ydXRfYXJjdWxhdGFfOS1zY2FsZWQud2VicCIsInNsaWRlc2hvdyI6IjQxZmZiZDEifQ%3D%3D\" href=\"https:\/\/lach.hu\/wp-content\/uploads\/2026\/01\/budapesti_korut_arculata_9-scaled.webp\"><figure class=\"swiper-slide-inner\"><img decoding=\"async\" class=\"swiper-slide-image\" src=\"https:\/\/lach.hu\/wp-content\/uploads\/elementor\/thumbs\/budapesti_korut_arculata_9-scaled-ridicki1h1iru04jtjqivmba82ckjev0gmk7lu6x14.webp\" alt=\"budapesti_korut_arculata_9\" \/><\/figure><\/a><\/div><div class=\"swiper-slide\" role=\"group\" aria-roledescription=\"slide\" aria-label=\"10 \/ 10\"><a data-elementor-open-lightbox=\"yes\" data-elementor-lightbox-slideshow=\"41ffbd1\" data-e-action-hash=\"#elementor-action%3Aaction%3Dlightbox%26settings%3DeyJpZCI6MjUzNSwidXJsIjoiaHR0cHM6XC9cL2xhY2guaHVcL3dwLWNvbnRlbnRcL3VwbG9hZHNcLzIwMjZcLzAxXC9idWRhcGVzdGlfa29ydXRfYXJjdWxhdGFfMTAud2VicCIsInNsaWRlc2hvdyI6IjQxZmZiZDEifQ%3D%3D\" href=\"https:\/\/lach.hu\/wp-content\/uploads\/2026\/01\/budapesti_korut_arculata_10.webp\"><figure class=\"swiper-slide-inner\"><img decoding=\"async\" class=\"swiper-slide-image\" src=\"https:\/\/lach.hu\/wp-content\/uploads\/elementor\/thumbs\/budapesti_korut_arculata_10-ridiclfvnvk25m36o255g42qtg7xr3yqsr7p345iuw.webp\" alt=\"budapesti_korut_arculata_10\" \/><\/figure><\/a><\/div>\t\t\t<\/div>\n\t\t\t\t\t\t\t\t\t\t\t\t<div class=\"elementor-swiper-button elementor-swiper-button-prev\" role=\"button\" tabindex=\"0\">\n\t\t\t\t\t\t<svg aria-hidden=\"true\" class=\"e-font-icon-svg e-eicon-chevron-left\" viewbox=\"0 0 1000 1000\" xmlns=\"http:\/\/www.w3.org\/2000\/svg\"><path d=\"M646 125C629 125 613 133 604 142L308 442C296 454 292 471 292 487 292 504 296 521 308 533L604 854C617 867 629 875 646 875 663 875 679 871 692 858 704 846 713 829 713 812 713 796 708 779 692 767L438 487 692 225C700 217 708 204 708 187 708 171 704 154 692 142 675 129 663 125 646 125Z\"><\/path><\/svg>\t\t\t\t\t<\/div>\n\t\t\t\t\t<div class=\"elementor-swiper-button elementor-swiper-button-next\" role=\"button\" tabindex=\"0\">\n\t\t\t\t\t\t<svg aria-hidden=\"true\" class=\"e-font-icon-svg e-eicon-chevron-right\" viewbox=\"0 0 1000 1000\" xmlns=\"http:\/\/www.w3.org\/2000\/svg\"><path d=\"M696 533C708 521 713 504 713 487 713 471 708 454 696 446L400 146C388 133 375 125 354 125 338 125 325 129 313 142 300 154 292 171 292 187 292 204 296 221 308 233L563 492 304 771C292 783 288 800 288 817 288 833 296 850 308 863 321 871 338 875 354 875 371 875 388 867 400 854L696 533Z\"><\/path><\/svg>\t\t\t\t\t<\/div>\n\t\t\t\t\n\t\t\t\t\t\t\t\t\t<div class=\"swiper-pagination\"><\/div>\n\t\t\t\t\t\t\t\t\t<\/div>\n\t\t\t\t\t\t<\/div>\n\t\t\t\t<\/div>\n\t\t\t\t\t<\/div>\n\t\t\t\t<\/div>\n\t\t<div class=\"elementor-element elementor-element-d94d7de e-flex e-con-boxed e-con e-parent\" data-id=\"d94d7de\" data-element_type=\"container\" data-e-type=\"container\">\n\t\t\t\t\t<div class=\"e-con-inner\">\n\t\t\t\t<div class=\"elementor-element elementor-element-a923379 elementor-widget elementor-widget-text-editor\" data-id=\"a923379\" data-element_type=\"widget\" data-e-type=\"widget\" data-widget_type=\"text-editor.default\">\n\t\t\t\t\t\t\t\t\t<p>In the summer of 2025, BKK (Budapest Transport Centre) announced a design competition as part of the Grand Boulevard\u2019s overall renewal. The objective was to bring a fresh visual perspective to this iconic urban corridor, reflecting its revitalization in the city's everyday life.\n\nThe goal was to create a unified yet highly adaptable visual identity that captures the unique character of each section\u2014Szent Istv\u00e1n, Ter\u00e9z, Erzs\u00e9bet, J\u00f3zsef, and Ferenc k\u00f6r\u00fat\u2014while maintaining a cohesive brand image for the entire Nagyk\u00f6r\u00fat.<\/p>\t\t\t\t\t\t\t\t<\/div>\n\t\t\t\t<div class=\"elementor-element elementor-element-da0b840 text-expender e-transform elementor-widget elementor-widget-n-accordion\" data-id=\"da0b840\" data-element_type=\"widget\" data-e-type=\"widget\" data-settings=\"{&quot;default_state&quot;:&quot;all_collapsed&quot;,&quot;max_items_expended&quot;:&quot;one&quot;,&quot;n_accordion_animation_duration&quot;:{&quot;unit&quot;:&quot;ms&quot;,&quot;size&quot;:400,&quot;sizes&quot;:[]},&quot;_transform_scaleX_effect&quot;:{&quot;unit&quot;:&quot;px&quot;,&quot;size&quot;:&quot;&quot;,&quot;sizes&quot;:[]},&quot;_transform_scaleX_effect_tablet&quot;:{&quot;unit&quot;:&quot;px&quot;,&quot;size&quot;:&quot;&quot;,&quot;sizes&quot;:[]},&quot;_transform_scaleX_effect_mobile&quot;:{&quot;unit&quot;:&quot;px&quot;,&quot;size&quot;:&quot;&quot;,&quot;sizes&quot;:[]},&quot;_transform_scaleY_effect&quot;:{&quot;unit&quot;:&quot;px&quot;,&quot;size&quot;:&quot;&quot;,&quot;sizes&quot;:[]},&quot;_transform_scaleY_effect_tablet&quot;:{&quot;unit&quot;:&quot;px&quot;,&quot;size&quot;:&quot;&quot;,&quot;sizes&quot;:[]},&quot;_transform_scaleY_effect_mobile&quot;:{&quot;unit&quot;:&quot;px&quot;,&quot;size&quot;:&quot;&quot;,&quot;sizes&quot;:[]}}\" data-widget_type=\"nested-accordion.default\">\n\t\t\t\t\t\t\t<div class=\"e-n-accordion\" aria-label=\".\">\n\t\t\t\t\t\t<details id=\"e-n-accordion-item-2280\" class=\"e-n-accordion-item\" >\n\t\t\t\t<summary class=\"e-n-accordion-item-title\" data-accordion-index=\"1\" tabindex=\"0\" aria-expanded=\"false\" aria-controls=\"e-n-accordion-item-2280\" >\n\t\t\t\t\t<span class='e-n-accordion-item-title-header'><div class=\"e-n-accordion-item-title-text\"> Read more <\/div><\/span>\n\t\t\t\t\t\t\t<span class='e-n-accordion-item-title-icon'>\n\t\t\t<span class='e-opened' ><svg aria-hidden=\"true\" class=\"e-font-icon-svg e-fas-arrow-circle-up\" viewbox=\"0 0 512 512\" xmlns=\"http:\/\/www.w3.org\/2000\/svg\"><path d=\"M8 256C8 119 119 8 256 8s248 111 248 248-111 248-248 248S8 393 8 256zm143.6 28.9l72.4-75.5V392c0 13.3 10.7 24 24 24h16c13.3 0 24-10.7 24-24V209.4l72.4 75.5c9.3 9.7 24.8 9.9 34.3.4l10.9-11c9.4-9.4 9.4-24.6 0-33.9L273 107.7c-9.4-9.4-24.6-9.4-33.9 0L106.3 240.4c-9.4 9.4-9.4 24.6 0 33.9l10.9 11c9.6 9.5 25.1 9.3 34.4-.4z\"><\/path><\/svg><\/span>\n\t\t\t<span class='e-closed'><svg aria-hidden=\"true\" class=\"e-font-icon-svg e-fas-arrow-circle-right\" viewbox=\"0 0 512 512\" xmlns=\"http:\/\/www.w3.org\/2000\/svg\"><path d=\"M256 8c137 0 248 111 248 248S393 504 256 504 8 393 8 256 119 8 256 8zm-28.9 143.6l75.5 72.4H120c-13.3 0-24 10.7-24 24v16c0 13.3 10.7 24 24 24h182.6l-75.5 72.4c-9.7 9.3-9.9 24.8-.4 34.3l11 10.9c9.4 9.4 24.6 9.4 33.9 0L404.3 273c9.4-9.4 9.4-24.6 0-33.9L271.6 106.3c-9.4-9.4-24.6-9.4-33.9 0l-11 10.9c-9.5 9.6-9.3 25.1.4 34.4z\"><\/path><\/svg><\/span>\n\t\t<\/span>\n\n\t\t\t\t\t\t<\/summary>\n\t\t\t\t<div role=\"region\" aria-labelledby=\"e-n-accordion-item-2280\" class=\"elementor-element elementor-element-061646a e-con-full e-flex e-con e-child\" data-id=\"061646a\" data-element_type=\"container\" data-e-type=\"container\">\n\t\t<div role=\"region\" aria-labelledby=\"e-n-accordion-item-2280\" class=\"elementor-element elementor-element-93333f4 e-flex e-con-boxed e-con e-child\" data-id=\"93333f4\" data-element_type=\"container\" data-e-type=\"container\">\n\t\t\t\t\t<div class=\"e-con-inner\">\n\t\t\t\t<div class=\"elementor-element elementor-element-301036c elementor-widget elementor-widget-text-editor\" data-id=\"301036c\" data-element_type=\"widget\" data-e-type=\"widget\" data-widget_type=\"text-editor.default\">\n\t\t\t\t\t\t\t\t\t<p>The Budapest Image Guide provides a detailed framework for the city\u2019s unified visual identity, a system already adopted by various municipal organizations. However, the Nagyk\u00f6r\u00fat project demanded a different approach. Rather than representing a single entity, the Nagyk\u00f6r\u00fat is a vital public space and an essential stage for the community life of Budapest. Consequently, the visual concept required a shift in perspective: moving beyond corporate guidelines to create an identity that resonates with the living, breathing fabric of the city\u2019s most significant urban corridor.<\/p><p>Throughout the design process, I adhered to the core principles of the Budapest Image Guide while introducing subtle, intentional deviations. A key feature is the logo\u2019s form: instead of a closed circle, it is a ring segment based on a semi-circle\u2014mirroring the actual layout of the Nagyk\u00f6r\u00fat, which does not form a complete loop. This open-ended geometry creates a flexible framework for future growth and adaptation, allowing the conceptual system to be extended to other boulevards or urban corridors as the city evolves.<\/p><p>The color palette remains aligned with the official Image Guide, but with a strategic nuance: the primary dark turquoise shade is closely related to the mandated dark green, yet it offers a fresher, more vibrant aesthetic. This choice consciously reflects the existing urban character elements of the Nagyk\u00f6r\u00fat\u2014such as the candelabras, waste bins, bollards, and advertising pillars\u2014whose color schemes naturally oscillate between blue and green tones.\n\nIn the context of the official guidelines, green symbolizes renewal, nature, and green infrastructure, making it exceptionally relevant for the revitalization of the Nagyk\u00f6r\u00fat.<\/p><p data-path-to-node=\"2\">The ultimate goal was to create a harmonious and understated, yet characterful identity that integrates seamlessly into the existing urban environment while remaining distinct from the branding of municipal organizations. In this way, the Nagyk\u00f6r\u00fat logo becomes more than just a visual element\u2014it serves as the expression of a new type of urban identity.<\/p>\t\t\t\t\t\t\t\t<\/div>\n\t\t\t\t\t<\/div>\n\t\t\t\t<\/div>\n\t\t\t\t<\/div>\n\t\t\t\t\t<\/details>\n\t\t\t\t\t<\/div>\n\t\t\t\t\t\t<\/div>\n\t\t\t\t\t<\/div>\n\t\t\t\t<\/div>\n\t\t<div class=\"elementor-element elementor-element-9dd070f e-flex e-con-boxed e-con e-parent\" data-id=\"9dd070f\" data-element_type=\"container\" data-e-type=\"container\">\n\t\t\t\t\t<div class=\"e-con-inner\">\n\t\t\t\t<div class=\"elementor-element elementor-element-27832f2 elementor-widget elementor-widget-button\" data-id=\"27832f2\" data-element_type=\"widget\" data-e-type=\"widget\" data-widget_type=\"button.default\">\n\t\t\t\t\t\t\t\t\t\t<a class=\"elementor-button elementor-button-link elementor-size-sm\" href=\"https:\/\/lach.hu\/en\/projektek\/\">\n\t\t\t\t\t\t<span class=\"elementor-button-content-wrapper\">\n\t\t\t\t\t\t\t\t\t<span class=\"elementor-button-text\">Back<\/span>\n\t\t\t\t\t<\/span>\n\t\t\t\t\t<\/a>\n\t\t\t\t\t\t\t\t<\/div>\n\t\t\t\t\t<\/div>\n\t\t\t\t<\/div>\n\t\t\t\t<\/div>","protected":false},"excerpt":{"rendered":"<p>Budapesti Nagyk\u00f6r\u00fat arculata Ny\u00edlt arculattervez\u00e9si p\u00e1ly\u00e1zat Helysz\u00edn:\u00a0Budapest Tervez\u0151:\u00a0Lach B\u00e1lint \u00c9v:2025 D\u00edj:II. hely 2025 nyar\u00e1n a BKK p\u00e1ly\u00e1zatot \u00edrt ki arculattervez\u0151knek. Ennek c\u00e9lja volt, hogy a Nagyk\u00f6r\u00fat vizu\u00e1lisan is \u00faj f\u00e9nyt kapjon a meg\u00faj\u00edt\u00e1s r\u00e9szek\u00e9nt, \u00e9s ezt t\u00fckr\u00f6zze a v\u00e1ros mindennapjaiban. A c\u00e9l egy egys\u00e9ges, de soksz\u00edn\u0171en adapt\u00e1lhat\u00f3 arculat, amely megjelen\u00edti a Nagyk\u00f6r\u00fat egyes szakaszainak \u2013&#8230;<\/p>","protected":false},"author":1,"featured_media":2526,"parent":0,"menu_order":0,"comment_status":"closed","ping_status":"closed","template":"","meta":{"_seopress_robots_primary_cat":"","_seopress_titles_title":"Budapesti Nagyk\u00f6r\u00fat arculata","_seopress_titles_desc":"","_seopress_robots_index":"","_kadence_starter_templates_imported_post":false,"_kad_post_transparent":"","_kad_post_title":"hide","_kad_post_layout":"fullwidth","_kad_post_sidebar_id":"","_kad_post_content_style":"unboxed","_kad_post_vertical_padding":"hide","_kad_post_feature":"hide","_kad_post_feature_position":"","_kad_post_header":false,"_kad_post_footer":false,"_kad_post_classname":"","footnotes":""},"class_list":["post-2683","page","type-page","status-publish","has-post-thumbnail","hentry"],"_links":{"self":[{"href":"https:\/\/lach.hu\/en\/wp-json\/wp\/v2\/pages\/2683","targetHints":{"allow":["GET"]}}],"collection":[{"href":"https:\/\/lach.hu\/en\/wp-json\/wp\/v2\/pages"}],"about":[{"href":"https:\/\/lach.hu\/en\/wp-json\/wp\/v2\/types\/page"}],"author":[{"embeddable":true,"href":"https:\/\/lach.hu\/en\/wp-json\/wp\/v2\/users\/1"}],"replies":[{"embeddable":true,"href":"https:\/\/lach.hu\/en\/wp-json\/wp\/v2\/comments?post=2683"}],"version-history":[{"count":26,"href":"https:\/\/lach.hu\/en\/wp-json\/wp\/v2\/pages\/2683\/revisions"}],"predecessor-version":[{"id":3585,"href":"https:\/\/lach.hu\/en\/wp-json\/wp\/v2\/pages\/2683\/revisions\/3585"}],"wp:featuredmedia":[{"embeddable":true,"href":"https:\/\/lach.hu\/en\/wp-json\/wp\/v2\/media\/2526"}],"wp:attachment":[{"href":"https:\/\/lach.hu\/en\/wp-json\/wp\/v2\/media?parent=2683"}],"curies":[{"name":"wp","href":"https:\/\/api.w.org\/{rel}","templated":true}]}}